{"id":827,"date":"2021-12-22T19:44:09","date_gmt":"2021-12-22T18:44:09","guid":{"rendered":"http:\/\/sigclog.cluster031.hosting.ovh.net\/?page_id=827"},"modified":"2023-01-19T07:30:37","modified_gmt":"2023-01-19T06:30:37","slug":"la-vie-au-cfa","status":"publish","type":"page","link":"https:\/\/testnouveausite.cfaautothonon.fr\/index.php\/la-vie-au-cfa\/","title":{"rendered":"La vie au CFA"},"content":{"rendered":"\t\t<div data-elementor-type=\"wp-page\" data-elementor-id=\"827\" class=\"elementor elementor-827\" data-elementor-post-type=\"page\">\n\t\t\t\t\t\t<section class=\"elementor-section elementor-top-section elementor-element elementor-element-abd0156 elementor-section-boxed elementor-section-height-default elementor-section-height-default\" data-id=\"abd0156\" data-element_type=\"section\">\n\t\t\t\t\t\t<div class=\"elementor-container elementor-column-gap-default\">\n\t\t\t\t\t<div class=\"elementor-column elementor-col-100 elementor-top-column elementor-element elementor-element-302f2c6\" data-id=\"302f2c6\" data-element_type=\"column\">\n\t\t\t<div class=\"elementor-widget-wrap elementor-element-populated\">\n\t\t\t\t\t\t<div class=\"elementor-element elementor-element-b090f65 elementor-headline--style-highlight elementor-widget elementor-widget-animated-headline\" data-id=\"b090f65\" data-element_type=\"widget\" data-settings=\"{&quot;marker&quot;:&quot;underline_zigzag&quot;,&quot;highlighted_text&quot;:&quot;La vie au CFA&quot;,&quot;headline_style&quot;:&quot;highlight&quot;,&quot;loop&quot;:&quot;yes&quot;,&quot;highlight_animation_duration&quot;:1200,&quot;highlight_iteration_delay&quot;:8000}\" data-widget_type=\"animated-headline.default\">\n\t\t\t\t<div class=\"elementor-widget-container\">\n\t\t\t\t\t<h3 class=\"elementor-headline\">\n\t\t\t\t<span class=\"elementor-headline-dynamic-wrapper elementor-headline-text-wrapper\">\n\t\t\t\t\t<span class=\"elementor-headline-dynamic-text elementor-headline-text-active\">La vie au CFA<\/span>\n\t\t\t\t<\/span>\n\t\t\t\t<\/h3>\n\t\t\t\t<\/div>\n\t\t\t\t<\/div>\n\t\t\t\t\t<\/div>\n\t\t<\/div>\n\t\t\t\t\t<\/div>\n\t\t<\/section>\n\t\t\t\t<section class=\"elementor-section elementor-top-section elementor-element elementor-element-f78487d elementor-section-content-middle elementor-section-boxed elementor-section-height-default elementor-section-height-default\" data-id=\"f78487d\" data-element_type=\"section\">\n\t\t\t\t\t\t<div class=\"elementor-container elementor-column-gap-default\">\n\t\t\t\t\t<div class=\"elementor-column elementor-col-50 elementor-top-column elementor-element elementor-element-fb692b1 elementor-invisible\" data-id=\"fb692b1\" data-element_type=\"column\" data-settings=\"{&quot;animation&quot;:&quot;slideInLeft&quot;}\">\n\t\t\t<div class=\"elementor-widget-wrap elementor-element-populated\">\n\t\t\t\t\t\t<div class=\"elementor-element elementor-element-9033130 elementor-widget elementor-widget-text-editor\" data-id=\"9033130\" data-element_type=\"widget\" data-widget_type=\"text-editor.default\">\n\t\t\t\t<div class=\"elementor-widget-container\">\n\t\t\t\t\t\t\t<p>Le CFA de Thonon vous offre tout l&rsquo;\u00e9quipement n\u00e9cessaire au bon d\u00e9roulement de votre formation ; notamment avec des ateliers \u00e9quip\u00e9s, une salle informatique, et des salles de cours \u00e9quip\u00e9es de vid\u00e9oprojecteurs et de cam\u00e9ras permettant la retransmission d&rsquo;un cours en visioconf\u00e9rence, d&rsquo;un laboratoire de sciences et d&rsquo;\u00e9quipements sportifs.<\/p><p>Un foyer est \u00e9galement mis \u00e0 votre disposition au sein de l&rsquo;\u00e9tablissement.<\/p><p>Une journ\u00e9e d\u2019int\u00e9gration est pr\u00e9vu courant octobre\/novembre pour toutes les nouveaux entrants.<\/p>\t\t\t\t\t\t<\/div>\n\t\t\t\t<\/div>\n\t\t\t\t\t<\/div>\n\t\t<\/div>\n\t\t\t\t<div class=\"elementor-column elementor-col-50 elementor-top-column elementor-element elementor-element-5cdfb4a elementor-invisible\" data-id=\"5cdfb4a\" data-element_type=\"column\" data-settings=\"{&quot;animation&quot;:&quot;slideInRight&quot;}\">\n\t\t\t<div class=\"elementor-widget-wrap elementor-element-populated\">\n\t\t\t\t\t\t<div class=\"elementor-element elementor-element-57b312a elementor-widget elementor-widget-text-editor\" data-id=\"57b312a\" data-element_type=\"widget\" data-widget_type=\"text-editor.default\">\n\t\t\t\t<div class=\"elementor-widget-container\">\n\t\t\t\t\t\t\t<p><span style=\"font-size: inherit; text-align: inherit; color: var( --e-global-color-text ); font-family: var( --e-global-typography-text-font-family ), Sans-serif; font-weight: var( --e-global-typography-text-font-weight ); letter-spacing: -0.015em;\">Un voyage p\u00e9dagogique est organis\u00e9 tous les deux ans avec les apprenti(e)s de terminale BCP.<\/span><\/p><p><span style=\"font-size: inherit; text-align: inherit; color: var( --e-global-color-text ); font-family: var( --e-global-typography-text-font-family ), Sans-serif; font-weight: var( --e-global-typography-text-font-weight ); letter-spacing: -0.015em;\">Participation avec nos apprenti(e)s au mondial des m\u00e9tiers, salon pr\u00e9p\u2019A de La Roche-Sur-Foron, salon Prep\u2019Avenir de Thonon-les-Bains, salon de l\u2019automobile de Gen\u00e8ve\u2026<\/span><\/p><p>La formation au CFA des m\u00e9tiers de l\u2019automobile de Thonon-les-Bains est enti\u00e8rement GRATUITE pour nos apprenti(e)s.<\/p><p>Les branches professionnelles prennent en charge en totalit\u00e9 le co\u00fbt de la formation. Seule une partie des frais li\u00e9s \u00e0 l\u2019h\u00e9bergement et \u00e0 la restauration reste \u00e0 la charge des familles.<\/p>\t\t\t\t\t\t<\/div>\n\t\t\t\t<\/div>\n\t\t\t\t\t<\/div>\n\t\t<\/div>\n\t\t\t\t\t<\/div>\n\t\t<\/section>\n\t\t\t\t<section class=\"elementor-section elementor-top-section elementor-element elementor-element-9b60eef elementor-section-boxed elementor-section-height-default elementor-section-height-default\" data-id=\"9b60eef\" data-element_type=\"section\">\n\t\t\t\t\t\t<div class=\"elementor-container elementor-column-gap-default\">\n\t\t\t\t\t<div class=\"elementor-column elementor-col-100 elementor-top-column elementor-element elementor-element-696d34e\" data-id=\"696d34e\" data-element_type=\"column\">\n\t\t\t<div class=\"elementor-widget-wrap elementor-element-populated\">\n\t\t\t\t\t\t<div class=\"elementor-element elementor-element-08a8f9f elementor-invisible elementor-widget elementor-widget-image\" data-id=\"08a8f9f\" data-element_type=\"widget\" data-settings=\"{&quot;_animation&quot;:&quot;slideInRight&quot;}\" data-widget_type=\"image.default\">\n\t\t\t\t<div class=\"elementor-widget-container\">\n\t\t\t\t\t\t\t\t\t\t\t\t\t<img decoding=\"async\" src=\"http:\/\/sigclog.cluster031.hosting.ovh.net\/wp-content\/uploads\/2022\/03\/Inter-1-modif.jpg\" title=\"\" alt=\"\" loading=\"lazy\" \/>\t\t\t\t\t\t\t\t\t\t\t\t\t<\/div>\n\t\t\t\t<\/div>\n\t\t\t\t\t<\/div>\n\t\t<\/div>\n\t\t\t\t\t<\/div>\n\t\t<\/section>\n\t\t\t\t<section class=\"elementor-section elementor-top-section elementor-element elementor-element-9b76754 elementor-section-boxed elementor-section-height-default elementor-section-height-default elementor-invisible\" data-id=\"9b76754\" data-element_type=\"section\" data-settings=\"{&quot;animation&quot;:&quot;slideInUp&quot;}\">\n\t\t\t\t\t\t<div class=\"elementor-container elementor-column-gap-default\">\n\t\t\t\t\t<div class=\"elementor-column elementor-col-100 elementor-top-column elementor-element elementor-element-055d9f0\" data-id=\"055d9f0\" data-element_type=\"column\">\n\t\t\t<div class=\"elementor-widget-wrap elementor-element-populated\">\n\t\t\t\t\t\t<div class=\"elementor-element elementor-element-72527bd elementor-widget-divider--view-line elementor-widget elementor-widget-divider\" data-id=\"72527bd\" data-element_type=\"widget\" data-widget_type=\"divider.default\">\n\t\t\t\t<div class=\"elementor-widget-container\">\n\t\t\t\t\t<div class=\"elementor-divider\">\n\t\t\t<span class=\"elementor-divider-separator\">\n\t\t\t\t\t\t<\/span>\n\t\t<\/div>\n\t\t\t\t<\/div>\n\t\t\t\t<\/div>\n\t\t\t\t<section class=\"elementor-section elementor-inner-section elementor-element elementor-element-53ff5b6 elementor-section-boxed elementor-section-height-default elementor-section-height-default\" data-id=\"53ff5b6\" data-element_type=\"section\">\n\t\t\t\t\t\t<div class=\"elementor-container elementor-column-gap-default\">\n\t\t\t\t\t<div class=\"elementor-column elementor-col-25 elementor-inner-column elementor-element elementor-element-c45c3bc\" data-id=\"c45c3bc\" data-element_type=\"column\">\n\t\t\t<div class=\"elementor-widget-wrap\">\n\t\t\t\t\t\t\t<\/div>\n\t\t<\/div>\n\t\t\t\t<div class=\"elementor-column elementor-col-50 elementor-inner-column elementor-element elementor-element-a4469a6\" data-id=\"a4469a6\" data-element_type=\"column\">\n\t\t\t<div class=\"elementor-widget-wrap elementor-element-populated\">\n\t\t\t\t\t\t<div class=\"elementor-element elementor-element-40e0637 elementor-widget elementor-widget-video\" data-id=\"40e0637\" data-element_type=\"widget\" data-settings=\"{&quot;youtube_url&quot;:&quot;https:\\\/\\\/www.youtube.com\\\/watch?v=tHihVvqfDis&quot;,&quot;video_type&quot;:&quot;youtube&quot;,&quot;controls&quot;:&quot;yes&quot;}\" data-widget_type=\"video.default\">\n\t\t\t\t<div class=\"elementor-widget-container\">\n\t\t\t\t\t<div class=\"elementor-wrapper elementor-open-inline\">\n\t\t\t<div class=\"elementor-video\"><\/div>\t\t<\/div>\n\t\t\t\t<\/div>\n\t\t\t\t<\/div>\n\t\t\t\t\t<\/div>\n\t\t<\/div>\n\t\t\t\t<div class=\"elementor-column elementor-col-25 elementor-inner-column elementor-element elementor-element-cbed96a\" data-id=\"cbed96a\" data-element_type=\"column\">\n\t\t\t<div class=\"elementor-widget-wrap\">\n\t\t\t\t\t\t\t<\/div>\n\t\t<\/div>\n\t\t\t\t\t<\/div>\n\t\t<\/section>\n\t\t\t\t\t<\/div>\n\t\t<\/div>\n\t\t\t\t\t<\/div>\n\t\t<\/section>\n\t\t\t\t<section class=\"elementor-section elementor-top-section elementor-element elementor-element-f7f2a01 elementor-section-boxed elementor-section-height-default elementor-section-height-default\" data-id=\"f7f2a01\" data-element_type=\"section\">\n\t\t\t\t\t\t<div class=\"elementor-container elementor-column-gap-wider\">\n\t\t\t\t\t<div class=\"elementor-column elementor-col-50 elementor-top-column elementor-element elementor-element-45a3468 elementor-invisible\" data-id=\"45a3468\" data-element_type=\"column\" data-settings=\"{&quot;animation&quot;:&quot;slideInLeft&quot;}\">\n\t\t\t<div class=\"elementor-widget-wrap elementor-element-populated\">\n\t\t\t\t\t\t<div class=\"elementor-element elementor-element-bce5bd9 elementor-widget elementor-widget-heading\" data-id=\"bce5bd9\" data-element_type=\"widget\" data-widget_type=\"heading.default\">\n\t\t\t\t<div class=\"elementor-widget-container\">\n\t\t\t<h4 class=\"elementor-heading-title elementor-size-default\">Une semaine type au CFA<\/h4>\t\t<\/div>\n\t\t\t\t<\/div>\n\t\t\t\t<div class=\"elementor-element elementor-element-5ac9537 elementor-widget elementor-widget-text-editor\" data-id=\"5ac9537\" data-element_type=\"widget\" data-widget_type=\"text-editor.default\">\n\t\t\t\t<div class=\"elementor-widget-container\">\n\t\t\t\t\t\t\t<p><span style=\"font-weight: 400;\">Une semaine au CFA d\u00e9marre le lundi matin \u00e0 09h00 pour s\u2019achever le vendredi \u00e0 12h10.<\/span><\/p><p><span style=\"font-weight: 400;\">Les apprenti(e)s effectuent 35 heures de cours au CFA.\u00a0<\/span><\/p><p><span style=\"font-weight: 400;\">Nos horaires\u00a0: lundi 09h00- 12h10\u00a0 13h40-17h40<\/span><\/p><p><span style=\"font-weight: 400;\">\u00a0\u00a0\u00a0\u00a0\u00a0\u00a0\u00a0\u00a0\u00a0\u00a0\u00a0\u00a0\u00a0\u00a0\u00a0\u00a0\u00a0\u00a0\u00a0\u00a0\u00a0\u00a0\u00a0\u00a0\u00a0\u00a0Mardi\/mercredi\/jeudi\u00a0: 08h10-12h10\u00a0 13h40-17h40<\/span><\/p><p><span style=\"font-weight: 400;\">\u00a0\u00a0\u00a0\u00a0\u00a0\u00a0\u00a0\u00a0\u00a0\u00a0\u00a0\u00a0\u00a0\u00a0\u00a0\u00a0\u00a0\u00a0\u00a0\u00a0\u00a0\u00a0\u00a0\u00a0\u00a0\u00a0Vendredi\u00a0: 08h10-12h10<\/span><\/p><p><span style=\"font-weight: 400;\">Les mati\u00e8res enseign\u00e9es\u00a0: fran\u00e7ais, math\u00e9matiques, anglais, histoire\/g\u00e9o, sciences-physiques, EPS, PSE (pr\u00e9vention sant\u00e9 environnement), AFS (analyse fonctionnelle et structurelle), technologie, atelier, gestion (BCP), arts appliqu\u00e9es (BCP).<\/span><\/p><p><span style=\"font-weight: 400;\">Du soutien est propos\u00e9 tous les jours par les formateurs durant la pause d\u00e9jeuner de 12h40 \u00e0 13h30.<\/span><\/p>\t\t\t\t\t\t<\/div>\n\t\t\t\t<\/div>\n\t\t\t\t\t<\/div>\n\t\t<\/div>\n\t\t\t\t<div class=\"elementor-column elementor-col-50 elementor-top-column elementor-element elementor-element-cc5d078 elementor-invisible\" data-id=\"cc5d078\" data-element_type=\"column\" data-settings=\"{&quot;animation&quot;:&quot;slideInLeft&quot;}\">\n\t\t\t<div class=\"elementor-widget-wrap elementor-element-populated\">\n\t\t\t\t\t\t<div class=\"elementor-element elementor-element-de6ff2e elementor-widget elementor-widget-heading\" data-id=\"de6ff2e\" data-element_type=\"widget\" data-widget_type=\"heading.default\">\n\t\t\t\t<div class=\"elementor-widget-container\">\n\t\t\t<h4 class=\"elementor-heading-title elementor-size-default\">Le Foyer<\/h4>\t\t<\/div>\n\t\t\t\t<\/div>\n\t\t\t\t<div class=\"elementor-element elementor-element-343e644 elementor-widget elementor-widget-text-editor\" data-id=\"343e644\" data-element_type=\"widget\" data-widget_type=\"text-editor.default\">\n\t\t\t\t<div class=\"elementor-widget-container\">\n\t\t\t\t\t\t\t<p><span style=\"font-weight: 400;\">Le foyer est un espace de d\u00e9tente r\u00e9serv\u00e9 \u00e0 nos apprenti(e)s durant leurs pauses. Ils ont \u00e0 leur disposition un espace de lecture, des jeux (billard, babyfoot), une machine \u00e0 caf\u00e9, des sanitaires.<\/span><\/p><p><span style=\"font-weight: 400;\">V\u00e9ritable lieu de vie, il accueille \u00e9galement\u00a0 nos internes le soir. Un \u00e9cran est \u00e0 leur disposition pour visionner films et match de football.<\/span><\/p>\t\t\t\t\t\t<\/div>\n\t\t\t\t<\/div>\n\t\t\t\t<div class=\"elementor-element elementor-element-4850678 elementor-align-center elementor-widget elementor-widget-lottie\" data-id=\"4850678\" data-element_type=\"widget\" data-settings=\"{&quot;source&quot;:&quot;external_url&quot;,&quot;source_external_url&quot;:{&quot;url&quot;:&quot;https:\\\/\\\/assets8.lottiefiles.com\\\/packages\\\/lf20_cjhmeqdp.json&quot;,&quot;is_external&quot;:&quot;&quot;,&quot;nofollow&quot;:&quot;&quot;,&quot;custom_attributes&quot;:&quot;&quot;},&quot;loop&quot;:&quot;yes&quot;,&quot;play_speed&quot;:{&quot;unit&quot;:&quot;px&quot;,&quot;size&quot;:1.4,&quot;sizes&quot;:[]},&quot;link_to&quot;:&quot;none&quot;,&quot;trigger&quot;:&quot;arriving_to_viewport&quot;,&quot;viewport&quot;:{&quot;unit&quot;:&quot;%&quot;,&quot;size&quot;:&quot;&quot;,&quot;sizes&quot;:{&quot;start&quot;:0,&quot;end&quot;:100}},&quot;start_point&quot;:{&quot;unit&quot;:&quot;%&quot;,&quot;size&quot;:0,&quot;sizes&quot;:[]},&quot;end_point&quot;:{&quot;unit&quot;:&quot;%&quot;,&quot;size&quot;:100,&quot;sizes&quot;:[]},&quot;renderer&quot;:&quot;svg&quot;}\" data-widget_type=\"lottie.default\">\n\t\t\t\t<div class=\"elementor-widget-container\">\n\t\t\t<div class=\"e-lottie__container\"><div class=\"e-lottie__animation\"><\/div><\/div>\t\t<\/div>\n\t\t\t\t<\/div>\n\t\t\t\t\t<\/div>\n\t\t<\/div>\n\t\t\t\t\t<\/div>\n\t\t<\/section>\n\t\t\t\t<section class=\"elementor-section elementor-top-section elementor-element elementor-element-d3f80a4 elementor-section-boxed elementor-section-height-default elementor-section-height-default\" data-id=\"d3f80a4\" data-element_type=\"section\">\n\t\t\t\t\t\t<div class=\"elementor-container elementor-column-gap-wider\">\n\t\t\t\t\t<div class=\"elementor-column elementor-col-50 elementor-top-column elementor-element elementor-element-914a498 elementor-invisible\" data-id=\"914a498\" data-element_type=\"column\" data-settings=\"{&quot;animation&quot;:&quot;slideInLeft&quot;}\">\n\t\t\t<div class=\"elementor-widget-wrap elementor-element-populated\">\n\t\t\t\t\t\t<div class=\"elementor-element elementor-element-43adda0 elementor-widget elementor-widget-heading\" data-id=\"43adda0\" data-element_type=\"widget\" data-widget_type=\"heading.default\">\n\t\t\t\t<div class=\"elementor-widget-container\">\n\t\t\t<h4 class=\"elementor-heading-title elementor-size-default\">La demi-pension<\/h4>\t\t<\/div>\n\t\t\t\t<\/div>\n\t\t\t\t<div class=\"elementor-element elementor-element-33a88dc elementor-widget elementor-widget-text-editor\" data-id=\"33a88dc\" data-element_type=\"widget\" data-widget_type=\"text-editor.default\">\n\t\t\t\t<div class=\"elementor-widget-container\">\n\t\t\t\t\t\t\t<p><span style=\"font-weight: 400;\">Nos apprenti(e)s s\u2019ils le souhaitent peuvent d\u00e9jeuner au self du Lyc\u00e9e Professionnel du Chablais.<\/span><\/p><p><span style=\"font-weight: 400;\">Tarifs donn\u00e9s sur demande.<\/span><\/p><p><b>Les branches professionnelles participent aux frais de repas et d\u2019h\u00e9bergement. Cette participation vient en d\u00e9duction des tarifs pratiqu\u00e9s.<\/b><\/p>\t\t\t\t\t\t<\/div>\n\t\t\t\t<\/div>\n\t\t\t\t\t<\/div>\n\t\t<\/div>\n\t\t\t\t<div class=\"elementor-column elementor-col-50 elementor-top-column elementor-element elementor-element-5974025 elementor-invisible\" data-id=\"5974025\" data-element_type=\"column\" data-settings=\"{&quot;animation&quot;:&quot;slideInRight&quot;}\">\n\t\t\t<div class=\"elementor-widget-wrap elementor-element-populated\">\n\t\t\t\t\t\t<div class=\"elementor-element elementor-element-68bcda0 elementor-widget elementor-widget-heading\" data-id=\"68bcda0\" data-element_type=\"widget\" data-widget_type=\"heading.default\">\n\t\t\t\t<div class=\"elementor-widget-container\">\n\t\t\t<h4 class=\"elementor-heading-title elementor-size-default\">L'internat<\/h4>\t\t<\/div>\n\t\t\t\t<\/div>\n\t\t\t\t<div class=\"elementor-element elementor-element-704c7c8 elementor-widget elementor-widget-text-editor\" data-id=\"704c7c8\" data-element_type=\"widget\" data-widget_type=\"text-editor.default\">\n\t\t\t\t<div class=\"elementor-widget-container\">\n\t\t\t\t\t\t\t<p><span style=\"font-weight: 400;\">Nos apprentis qui en font la demande peuvent \u00eatre h\u00e9berg\u00e9s \u00e0 l\u2019internat du Lyc\u00e9e professionnel du Chablais. Une aile leur est r\u00e9serv\u00e9e. <\/span>Chaque chambre peut accueillir deux apprenti(e)s.<\/p><p><span style=\"font-weight: 400;\">Les places \u00e9tant limit\u00e9es, la priorit\u00e9 sera donn\u00e9e aux apprenti(e)s dont le domicile est \u00e9loign\u00e9. <strong>L&rsquo;internat n&rsquo;est pas obligatoire, c&rsquo;est seulement un service propos\u00e9.<\/strong><\/span><\/p><p><span style=\"font-weight: 400;\">L\u2019internat fonctionne du lundi soir au vendredi matin.<\/span><\/p><p><span style=\"font-weight: 400;\">Un temps d\u2019\u00e9tude obligatoire est pr\u00e9vu le soir de 18h00 \u00e0 18h45.\u00a0<\/span><\/p><p><span style=\"font-weight: 400;\">Tarifs donn\u00e9s sur demande. Dossier d\u2019inscription \u00e0 rendre au moment de l\u2019inscription d\u00e9finitive en juillet.<\/span><\/p>\t\t\t\t\t\t<\/div>\n\t\t\t\t<\/div>\n\t\t\t\t\t<\/div>\n\t\t<\/div>\n\t\t\t\t\t<\/div>\n\t\t<\/section>\n\t\t\t\t<section class=\"elementor-section elementor-top-section elementor-element elementor-element-ac64111 elementor-section-boxed elementor-section-height-default elementor-section-height-default\" data-id=\"ac64111\" data-element_type=\"section\">\n\t\t\t\t\t\t<div class=\"elementor-container elementor-column-gap-default\">\n\t\t\t\t\t<div class=\"elementor-column elementor-col-100 elementor-top-column elementor-element elementor-element-fc8f2ab\" data-id=\"fc8f2ab\" data-element_type=\"column\">\n\t\t\t<div class=\"elementor-widget-wrap elementor-element-populated\">\n\t\t\t\t\t\t<div class=\"elementor-element elementor-element-03528ea elementor-widget elementor-widget-text-editor\" data-id=\"03528ea\" data-element_type=\"widget\" data-widget_type=\"text-editor.default\">\n\t\t\t\t<div class=\"elementor-widget-container\">\n\t\t\t\t\t\t\t<p>Pout toutes demandes d\u2019informations suppl\u00e9mentaires, veuillez nous contacter au <strong>04 50 70 36 69.<\/strong><\/p>\t\t\t\t\t\t<\/div>\n\t\t\t\t<\/div>\n\t\t\t\t\t<\/div>\n\t\t<\/div>\n\t\t\t\t\t<\/div>\n\t\t<\/section>\n\t\t\t\t<section class=\"elementor-section elementor-top-section elementor-element elementor-element-bbc6536 elementor-section-boxed elementor-section-height-default elementor-section-height-default\" data-id=\"bbc6536\" data-element_type=\"section\">\n\t\t\t\t\t\t<div class=\"elementor-container elementor-column-gap-default\">\n\t\t\t\t\t<div class=\"elementor-column elementor-col-100 elementor-top-column elementor-element elementor-element-3f7a9cf\" data-id=\"3f7a9cf\" data-element_type=\"column\">\n\t\t\t<div class=\"elementor-widget-wrap elementor-element-populated\">\n\t\t\t\t\t\t<div class=\"elementor-element elementor-element-b19d086 elementor-widget-divider--view-line elementor-invisible elementor-widget elementor-widget-divider\" data-id=\"b19d086\" data-element_type=\"widget\" data-settings=\"{&quot;_animation&quot;:&quot;slideInUp&quot;}\" data-widget_type=\"divider.default\">\n\t\t\t\t<div class=\"elementor-widget-container\">\n\t\t\t\t\t<div class=\"elementor-divider\">\n\t\t\t<span class=\"elementor-divider-separator\">\n\t\t\t\t\t\t<\/span>\n\t\t<\/div>\n\t\t\t\t<\/div>\n\t\t\t\t<\/div>\n\t\t\t\t\t<\/div>\n\t\t<\/div>\n\t\t\t\t\t<\/div>\n\t\t<\/section>\n\t\t\t\t<section class=\"elementor-section elementor-top-section elementor-element elementor-element-0664d7b elementor-hidden-mobile elementor-section-boxed elementor-section-height-default elementor-section-height-default\" data-id=\"0664d7b\" data-element_type=\"section\">\n\t\t\t\t\t\t<div class=\"elementor-container elementor-column-gap-default\">\n\t\t\t\t\t<div class=\"elementor-column elementor-col-100 elementor-top-column elementor-element elementor-element-b975c5c\" data-id=\"b975c5c\" data-element_type=\"column\">\n\t\t\t<div class=\"elementor-widget-wrap elementor-element-populated\">\n\t\t\t\t\t\t<div class=\"elementor-element elementor-element-4b889de elementor-widget elementor-widget-spacer\" data-id=\"4b889de\" data-element_type=\"widget\" data-widget_type=\"spacer.default\">\n\t\t\t\t<div class=\"elementor-widget-container\">\n\t\t\t\t\t<div class=\"elementor-spacer\">\n\t\t\t<div class=\"elementor-spacer-inner\"><\/div>\n\t\t<\/div>\n\t\t\t\t<\/div>\n\t\t\t\t<\/div>\n\t\t\t\t\t<\/div>\n\t\t<\/div>\n\t\t\t\t\t<\/div>\n\t\t<\/section>\n\t\t\t\t<\/div>\n\t\t","protected":false},"excerpt":{"rendered":"<p>La vie au CFA Le CFA de Thonon vous offre tout l&rsquo;\u00e9quipement n\u00e9cessaire au bon d\u00e9roulement de votre formation ; notamment avec des ateliers \u00e9quip\u00e9s, une salle informatique, et des salles de cours \u00e9quip\u00e9es de vid\u00e9oprojecteurs et de cam\u00e9ras permettant la retransmission d&rsquo;un cours en visioconf\u00e9rence, d&rsquo;un laboratoire de sciences et d&rsquo;\u00e9quipements sportifs. Un foyer [&hellip;]<\/p>\n","protected":false},"author":1,"featured_media":0,"parent":0,"menu_order":0,"comment_status":"closed","ping_status":"closed","template":"","meta":{"footnotes":""},"class_list":["post-827","page","type-page","status-publish","hentry"],"_links":{"self":[{"href":"https:\/\/testnouveausite.cfaautothonon.fr\/index.php\/wp-json\/wp\/v2\/pages\/827","targetHints":{"allow":["GET"]}}],"collection":[{"href":"https:\/\/testnouveausite.cfaautothonon.fr\/index.php\/wp-json\/wp\/v2\/pages"}],"about":[{"href":"https:\/\/testnouveausite.cfaautothonon.fr\/index.php\/wp-json\/wp\/v2\/types\/page"}],"author":[{"embeddable":true,"href":"https:\/\/testnouveausite.cfaautothonon.fr\/index.php\/wp-json\/wp\/v2\/users\/1"}],"replies":[{"embeddable":true,"href":"https:\/\/testnouveausite.cfaautothonon.fr\/index.php\/wp-json\/wp\/v2\/comments?post=827"}],"version-history":[{"count":10,"href":"https:\/\/testnouveausite.cfaautothonon.fr\/index.php\/wp-json\/wp\/v2\/pages\/827\/revisions"}],"predecessor-version":[{"id":3303,"href":"https:\/\/testnouveausite.cfaautothonon.fr\/index.php\/wp-json\/wp\/v2\/pages\/827\/revisions\/3303"}],"wp:attachment":[{"href":"https:\/\/testnouveausite.cfaautothonon.fr\/index.php\/wp-json\/wp\/v2\/media?parent=827"}],"curies":[{"name":"wp","href":"https:\/\/api.w.org\/{rel}","templated":true}]}}