{"id":4185,"date":"2024-07-01T19:03:14","date_gmt":"2024-07-01T17:03:14","guid":{"rendered":"https:\/\/testnouveausite.cfaautothonon.fr\/?page_id=4185"},"modified":"2026-01-29T15:24:16","modified_gmt":"2026-01-29T14:24:16","slug":"nos-partenaires-2","status":"publish","type":"page","link":"https:\/\/testnouveausite.cfaautothonon.fr\/index.php\/nos-partenaires-2\/","title":{"rendered":"Nos partenaires"},"content":{"rendered":"\t\t<div data-elementor-type=\"wp-page\" data-elementor-id=\"4185\" class=\"elementor elementor-4185\" data-elementor-post-type=\"page\">\n\t\t\t\t\t\t<section class=\"elementor-section elementor-top-section elementor-element elementor-element-653ceca elementor-section-boxed elementor-section-height-default elementor-section-height-default\" data-id=\"653ceca\" data-element_type=\"section\">\n\t\t\t\t\t\t<div class=\"elementor-container elementor-column-gap-default\">\n\t\t\t\t\t<div class=\"elementor-column elementor-col-100 elementor-top-column elementor-element elementor-element-b37dc86\" data-id=\"b37dc86\" data-element_type=\"column\">\n\t\t\t<div class=\"elementor-widget-wrap elementor-element-populated\">\n\t\t\t\t\t\t<div class=\"elementor-element elementor-element-55b4c76 elementor-widget elementor-widget-heading\" data-id=\"55b4c76\" data-element_type=\"widget\" data-widget_type=\"heading.default\">\n\t\t\t\t<div class=\"elementor-widget-container\">\n\t\t\t<h2 class=\"elementor-heading-title elementor-size-default\">Nos partenaires et financeurs<\/h2>\t\t<\/div>\n\t\t\t\t<\/div>\n\t\t\t\t<div class=\"elementor-element elementor-element-9238c62 elementor-widget elementor-widget-spacer\" data-id=\"9238c62\" data-element_type=\"widget\" data-widget_type=\"spacer.default\">\n\t\t\t\t<div class=\"elementor-widget-container\">\n\t\t\t\t\t<div class=\"elementor-spacer\">\n\t\t\t<div class=\"elementor-spacer-inner\"><\/div>\n\t\t<\/div>\n\t\t\t\t<\/div>\n\t\t\t\t<\/div>\n\t\t\t\t<div class=\"elementor-element elementor-element-e36b560 elementor-widget elementor-widget-text-editor\" data-id=\"e36b560\" data-element_type=\"widget\" data-widget_type=\"text-editor.default\">\n\t\t\t\t<div class=\"elementor-widget-container\">\n\t\t\t\t\t\t\t<p><strong>Le CFA des M\u00e9tiers de l&rsquo;Automobile peut remplir sa mission gr\u00e2ce \u00e0 ses partenaires, tous impliqu\u00e9s dans le d\u00e9veloppement et l&rsquo;apprentissage<\/strong><\/p>\t\t\t\t\t\t<\/div>\n\t\t\t\t<\/div>\n\t\t\t\t<div class=\"elementor-element elementor-element-2c3a774 elementor-align-center elementor-widget elementor-widget-lottie\" data-id=\"2c3a774\" data-element_type=\"widget\" data-settings=\"{&quot;source_json&quot;:{&quot;url&quot;:&quot;https:\\\/\\\/lottie.host\\\/c0462d91-002e-4893-8ee4-29e742e68adb\\\/ocM7t3ZMVL.json&quot;,&quot;id&quot;:&quot;&quot;,&quot;size&quot;:&quot;&quot;,&quot;source&quot;:&quot;url&quot;},&quot;trigger&quot;:&quot;none&quot;,&quot;loop&quot;:&quot;yes&quot;,&quot;play_speed&quot;:{&quot;unit&quot;:&quot;px&quot;,&quot;size&quot;:1.5,&quot;sizes&quot;:[]},&quot;source&quot;:&quot;media_file&quot;,&quot;caption_source&quot;:&quot;none&quot;,&quot;link_to&quot;:&quot;none&quot;,&quot;start_point&quot;:{&quot;unit&quot;:&quot;%&quot;,&quot;size&quot;:0,&quot;sizes&quot;:[]},&quot;end_point&quot;:{&quot;unit&quot;:&quot;%&quot;,&quot;size&quot;:100,&quot;sizes&quot;:[]},&quot;renderer&quot;:&quot;svg&quot;}\" data-widget_type=\"lottie.default\">\n\t\t\t\t<div class=\"elementor-widget-container\">\n\t\t\t<div class=\"e-lottie__container\"><div class=\"e-lottie__animation\"><\/div><\/div>\t\t<\/div>\n\t\t\t\t<\/div>\n\t\t\t\t<section class=\"elementor-section elementor-inner-section elementor-element elementor-element-287150b elementor-section-content-middle elementor-section-boxed elementor-section-height-default elementor-section-height-default\" data-id=\"287150b\" data-element_type=\"section\">\n\t\t\t\t\t\t<div class=\"elementor-container elementor-column-gap-default\">\n\t\t\t\t\t<div class=\"elementor-column elementor-col-33 elementor-inner-column elementor-element elementor-element-4dc9cff\" data-id=\"4dc9cff\" data-element_type=\"column\">\n\t\t\t<div class=\"elementor-widget-wrap elementor-element-populated\">\n\t\t\t\t\t\t<div class=\"elementor-element elementor-element-f1c0d0c elementor-widget elementor-widget-image\" data-id=\"f1c0d0c\" data-element_type=\"widget\" data-widget_type=\"image.default\">\n\t\t\t\t<div class=\"elementor-widget-container\">\n\t\t\t\t\t\t\t\t\t\t\t\t\t\t<a href=\"https:\/\/www.auvergnerhonealpes.fr\/\" target=\"_blank\">\n\t\t\t\t\t\t\t<img fetchpriority=\"high\" decoding=\"async\" width=\"580\" height=\"134\" src=\"https:\/\/testnouveausite.cfaautothonon.fr\/wp-content\/uploads\/2022\/03\/Logo_La_Region_Auvergne-Rhone-Alpes-1024x237.png\" class=\"attachment-large size-large wp-image-4134\" alt=\"\" srcset=\"https:\/\/testnouveausite.cfaautothonon.fr\/wp-content\/uploads\/2022\/03\/Logo_La_Region_Auvergne-Rhone-Alpes-1024x237.png 1024w, https:\/\/testnouveausite.cfaautothonon.fr\/wp-content\/uploads\/2022\/03\/Logo_La_Region_Auvergne-Rhone-Alpes-300x69.png 300w, https:\/\/testnouveausite.cfaautothonon.fr\/wp-content\/uploads\/2022\/03\/Logo_La_Region_Auvergne-Rhone-Alpes-768x178.png 768w, https:\/\/testnouveausite.cfaautothonon.fr\/wp-content\/uploads\/2022\/03\/Logo_La_Region_Auvergne-Rhone-Alpes-1536x356.png 1536w, https:\/\/testnouveausite.cfaautothonon.fr\/wp-content\/uploads\/2022\/03\/Logo_La_Region_Auvergne-Rhone-Alpes-2048x474.png 2048w, https:\/\/testnouveausite.cfaautothonon.fr\/wp-content\/uploads\/2022\/03\/Logo_La_Region_Auvergne-Rhone-Alpes-1200x278.png 1200w, https:\/\/testnouveausite.cfaautothonon.fr\/wp-content\/uploads\/2022\/03\/Logo_La_Region_Auvergne-Rhone-Alpes-1980x458.png 1980w\" sizes=\"(max-width: 580px) 100vw, 580px\" \/>\t\t\t\t\t\t\t\t<\/a>\n\t\t\t\t\t\t\t\t\t\t\t\t\t<\/div>\n\t\t\t\t<\/div>\n\t\t\t\t\t<\/div>\n\t\t<\/div>\n\t\t\t\t<div class=\"elementor-column elementor-col-66 elementor-inner-column elementor-element elementor-element-2781c56\" data-id=\"2781c56\" data-element_type=\"column\">\n\t\t\t<div class=\"elementor-widget-wrap elementor-element-populated\">\n\t\t\t\t\t\t<div class=\"elementor-element elementor-element-905f8bb elementor-widget elementor-widget-heading\" data-id=\"905f8bb\" data-element_type=\"widget\" data-widget_type=\"heading.default\">\n\t\t\t\t<div class=\"elementor-widget-container\">\n\t\t\t<h2 class=\"elementor-heading-title elementor-size-default\">La R\u00e9gion Auvergne-Rh\u00f4ne-Alpes<\/h2>\t\t<\/div>\n\t\t\t\t<\/div>\n\t\t\t\t<div class=\"elementor-element elementor-element-42695d7 elementor-widget elementor-widget-text-editor\" data-id=\"42695d7\" data-element_type=\"widget\" data-widget_type=\"text-editor.default\">\n\t\t\t\t<div class=\"elementor-widget-container\">\n\t\t\t\t\t\t\t<p>L&rsquo;Apprentissage fait partie de son ADN. Elle intervient \u00e0 plusieurs niveaux :\u00a0<\/p><ul><li>Accompagnement financier du CFA (Investissement r\u00e9novation b\u00e2timents).<\/li><li>Soutien aux apprenti(e)s en difficult\u00e9s (Fond social)<\/li><li>Carte Pass&rsquo;R\u00e9gion pour les apprenti(e)s (Culture, Sport)<\/li><li>Aide \u00e0 l&rsquo;\u00e9quipement des apprenti(e)s (manuels scolaires et EPI)<\/li><li>Aide au permis de conduire<\/li><li>Aide aux transports<\/li><\/ul><p>Pour tout savoir sur la politique de formation de la r\u00e9gion, cliquez sur le logo.<\/p>\t\t\t\t\t\t<\/div>\n\t\t\t\t<\/div>\n\t\t\t\t\t<\/div>\n\t\t<\/div>\n\t\t\t\t\t<\/div>\n\t\t<\/section>\n\t\t\t\t<section class=\"elementor-section elementor-inner-section elementor-element elementor-element-1035835 elementor-section-content-middle elementor-section-boxed elementor-section-height-default elementor-section-height-default\" data-id=\"1035835\" data-element_type=\"section\">\n\t\t\t\t\t\t<div class=\"elementor-container elementor-column-gap-default\">\n\t\t\t\t\t<div class=\"elementor-column elementor-col-66 elementor-inner-column elementor-element elementor-element-add2339\" data-id=\"add2339\" data-element_type=\"column\">\n\t\t\t<div class=\"elementor-widget-wrap elementor-element-populated\">\n\t\t\t\t\t\t<div class=\"elementor-element elementor-element-82cb67f elementor-widget elementor-widget-heading\" data-id=\"82cb67f\" data-element_type=\"widget\" data-widget_type=\"heading.default\">\n\t\t\t\t<div class=\"elementor-widget-container\">\n\t\t\t<h2 class=\"elementor-heading-title elementor-size-default\">L'A.N.F.A.<\/h2>\t\t<\/div>\n\t\t\t\t<\/div>\n\t\t\t\t<div class=\"elementor-element elementor-element-7a04927 elementor-widget elementor-widget-text-editor\" data-id=\"7a04927\" data-element_type=\"widget\" data-widget_type=\"text-editor.default\">\n\t\t\t\t<div class=\"elementor-widget-container\">\n\t\t\t\t\t\t\t<p>Association Nationale pour la Formation Automobile<\/p><p>11 d\u00e9l\u00e9gations r\u00e9gionales dont la d\u00e9l\u00e9gation Auvergne\/Rh\u00f4ne-Alpes.<\/p><p>Elle repr\u00e9sente la fili\u00e8re automobile, intervient dans tous les domaines de la formation professionnelle automobile, de la formation continue \u00e0 la formation des formateurs.<\/p><p>Elle aide mat\u00e9riellement les centres de formations ainsi que les Lyc\u00e9es Techniques et Professionnels publics ou priv\u00e9s \u00e0 travers les Taxes d&rsquo;apprentissage et fiscales.<\/p><p>Pour tout savoir sur l&rsquo;ANFA et les formations dans le secteur, cliquez sur le logo.<\/p>\t\t\t\t\t\t<\/div>\n\t\t\t\t<\/div>\n\t\t\t\t\t<\/div>\n\t\t<\/div>\n\t\t\t\t<div class=\"elementor-column elementor-col-33 elementor-inner-column elementor-element elementor-element-ba9c82a\" data-id=\"ba9c82a\" data-element_type=\"column\">\n\t\t\t<div class=\"elementor-widget-wrap elementor-element-populated\">\n\t\t\t\t\t\t<div class=\"elementor-element elementor-element-da3850e elementor-widget elementor-widget-image\" data-id=\"da3850e\" data-element_type=\"widget\" data-widget_type=\"image.default\">\n\t\t\t\t<div class=\"elementor-widget-container\">\n\t\t\t\t\t\t\t\t\t\t\t\t\t\t<a href=\"https:\/\/www.anfa-auto.fr\/\" target=\"_blank\">\n\t\t\t\t\t\t\t<img decoding=\"async\" width=\"580\" height=\"255\" src=\"https:\/\/testnouveausite.cfaautothonon.fr\/wp-content\/uploads\/2022\/03\/logo-anfa_anfa__1_-removebg-preview.png\" class=\"attachment-large size-large wp-image-4156\" alt=\"\" srcset=\"https:\/\/testnouveausite.cfaautothonon.fr\/wp-content\/uploads\/2022\/03\/logo-anfa_anfa__1_-removebg-preview.png 753w, https:\/\/testnouveausite.cfaautothonon.fr\/wp-content\/uploads\/2022\/03\/logo-anfa_anfa__1_-removebg-preview-300x132.png 300w\" sizes=\"(max-width: 580px) 100vw, 580px\" \/>\t\t\t\t\t\t\t\t<\/a>\n\t\t\t\t\t\t\t\t\t\t\t\t\t<\/div>\n\t\t\t\t<\/div>\n\t\t\t\t\t<\/div>\n\t\t<\/div>\n\t\t\t\t\t<\/div>\n\t\t<\/section>\n\t\t\t\t<section class=\"elementor-section elementor-inner-section elementor-element elementor-element-01ba0bc elementor-section-content-middle elementor-section-boxed elementor-section-height-default elementor-section-height-default\" data-id=\"01ba0bc\" data-element_type=\"section\">\n\t\t\t\t\t\t<div class=\"elementor-container elementor-column-gap-default\">\n\t\t\t\t\t<div class=\"elementor-column elementor-col-33 elementor-inner-column elementor-element elementor-element-869a043\" data-id=\"869a043\" data-element_type=\"column\">\n\t\t\t<div class=\"elementor-widget-wrap elementor-element-populated\">\n\t\t\t\t\t\t<div class=\"elementor-element elementor-element-1c11499 elementor-widget elementor-widget-image\" data-id=\"1c11499\" data-element_type=\"widget\" data-widget_type=\"image.default\">\n\t\t\t\t<div class=\"elementor-widget-container\">\n\t\t\t\t\t\t\t\t\t\t\t\t\t\t<a href=\"https:\/\/www.ville-thonon.fr\/\" target=\"_blank\">\n\t\t\t\t\t\t\t<img decoding=\"async\" width=\"300\" height=\"177\" src=\"https:\/\/testnouveausite.cfaautothonon.fr\/wp-content\/uploads\/2026\/01\/LOGO-THONON-RVB-Noir-300x177.jpg\" class=\"attachment-medium size-medium wp-image-5083\" alt=\"\" srcset=\"https:\/\/testnouveausite.cfaautothonon.fr\/wp-content\/uploads\/2026\/01\/LOGO-THONON-RVB-Noir-300x177.jpg 300w, https:\/\/testnouveausite.cfaautothonon.fr\/wp-content\/uploads\/2026\/01\/LOGO-THONON-RVB-Noir-1024x603.jpg 1024w, https:\/\/testnouveausite.cfaautothonon.fr\/wp-content\/uploads\/2026\/01\/LOGO-THONON-RVB-Noir-768x452.jpg 768w, https:\/\/testnouveausite.cfaautothonon.fr\/wp-content\/uploads\/2026\/01\/LOGO-THONON-RVB-Noir-1536x905.jpg 1536w, https:\/\/testnouveausite.cfaautothonon.fr\/wp-content\/uploads\/2026\/01\/LOGO-THONON-RVB-Noir-2048x1206.jpg 2048w, https:\/\/testnouveausite.cfaautothonon.fr\/wp-content\/uploads\/2026\/01\/LOGO-THONON-RVB-Noir-1200x707.jpg 1200w, https:\/\/testnouveausite.cfaautothonon.fr\/wp-content\/uploads\/2026\/01\/LOGO-THONON-RVB-Noir-1980x1166.jpg 1980w\" sizes=\"(max-width: 300px) 100vw, 300px\" \/>\t\t\t\t\t\t\t\t<\/a>\n\t\t\t\t\t\t\t\t\t\t\t\t\t<\/div>\n\t\t\t\t<\/div>\n\t\t\t\t\t<\/div>\n\t\t<\/div>\n\t\t\t\t<div class=\"elementor-column elementor-col-66 elementor-inner-column elementor-element elementor-element-dcf7a51\" data-id=\"dcf7a51\" data-element_type=\"column\">\n\t\t\t<div class=\"elementor-widget-wrap elementor-element-populated\">\n\t\t\t\t\t\t<div class=\"elementor-element elementor-element-ceca142 elementor-widget elementor-widget-heading\" data-id=\"ceca142\" data-element_type=\"widget\" data-widget_type=\"heading.default\">\n\t\t\t\t<div class=\"elementor-widget-container\">\n\t\t\t<h2 class=\"elementor-heading-title elementor-size-default\">La Ville de Thonon Les Bains<\/h2>\t\t<\/div>\n\t\t\t\t<\/div>\n\t\t\t\t<div class=\"elementor-element elementor-element-572d128 elementor-widget elementor-widget-text-editor\" data-id=\"572d128\" data-element_type=\"widget\" data-widget_type=\"text-editor.default\">\n\t\t\t\t<div class=\"elementor-widget-container\">\n\t\t\t\t\t\t\t<p>A l&rsquo;origine de la cr\u00e9ation du centre de formation, elle accueille celui-ci dans ses locaux et participe aux instances de gestion du CFA<\/p>\t\t\t\t\t\t<\/div>\n\t\t\t\t<\/div>\n\t\t\t\t\t<\/div>\n\t\t<\/div>\n\t\t\t\t\t<\/div>\n\t\t<\/section>\n\t\t\t\t\t<\/div>\n\t\t<\/div>\n\t\t\t\t\t<\/div>\n\t\t<\/section>\n\t\t\t\t<section class=\"elementor-section elementor-top-section elementor-element elementor-element-f8c9d98 elementor-section-content-middle elementor-section-boxed elementor-section-height-default elementor-section-height-default\" data-id=\"f8c9d98\" data-element_type=\"section\">\n\t\t\t\t\t\t<div class=\"elementor-container elementor-column-gap-default\">\n\t\t\t\t\t<div class=\"elementor-column elementor-col-50 elementor-top-column elementor-element elementor-element-4ddbe91\" data-id=\"4ddbe91\" data-element_type=\"column\">\n\t\t\t<div class=\"elementor-widget-wrap elementor-element-populated\">\n\t\t\t\t\t\t<div class=\"elementor-element elementor-element-8b7fc04 elementor-widget elementor-widget-image\" data-id=\"8b7fc04\" data-element_type=\"widget\" data-widget_type=\"image.default\">\n\t\t\t\t<div class=\"elementor-widget-container\">\n\t\t\t\t\t\t\t\t\t\t\t\t\t\t<a href=\"https:\/\/www.opcomobilites.fr\/\" target=\"_blank\">\n\t\t\t\t\t\t\t<img loading=\"lazy\" decoding=\"async\" width=\"324\" height=\"244\" src=\"https:\/\/testnouveausite.cfaautothonon.fr\/wp-content\/uploads\/2022\/03\/Logo_OPCO-Mobilites-removebg-preview.png\" class=\"attachment-large size-large wp-image-4154\" alt=\"\" srcset=\"https:\/\/testnouveausite.cfaautothonon.fr\/wp-content\/uploads\/2022\/03\/Logo_OPCO-Mobilites-removebg-preview.png 324w, https:\/\/testnouveausite.cfaautothonon.fr\/wp-content\/uploads\/2022\/03\/Logo_OPCO-Mobilites-removebg-preview-300x226.png 300w\" sizes=\"(max-width: 324px) 100vw, 324px\" \/>\t\t\t\t\t\t\t\t<\/a>\n\t\t\t\t\t\t\t\t\t\t\t\t\t<\/div>\n\t\t\t\t<\/div>\n\t\t\t\t\t<\/div>\n\t\t<\/div>\n\t\t\t\t<div class=\"elementor-column elementor-col-50 elementor-top-column elementor-element elementor-element-0a50e5a\" data-id=\"0a50e5a\" data-element_type=\"column\">\n\t\t\t<div class=\"elementor-widget-wrap elementor-element-populated\">\n\t\t\t\t\t\t<div class=\"elementor-element elementor-element-01f42de elementor-widget elementor-widget-image\" data-id=\"01f42de\" data-element_type=\"widget\" data-widget_type=\"image.default\">\n\t\t\t\t<div class=\"elementor-widget-container\">\n\t\t\t\t\t\t\t\t\t\t\t\t\t\t<a href=\"https:\/\/www.opco2i.fr\/\" target=\"_blank\">\n\t\t\t\t\t\t\t<img loading=\"lazy\" decoding=\"async\" width=\"181\" height=\"278\" src=\"https:\/\/testnouveausite.cfaautothonon.fr\/wp-content\/uploads\/2022\/03\/telechargement-7.png\" class=\"attachment-medium size-medium wp-image-3778\" alt=\"\" \/>\t\t\t\t\t\t\t\t<\/a>\n\t\t\t\t\t\t\t\t\t\t\t\t\t<\/div>\n\t\t\t\t<\/div>\n\t\t\t\t\t<\/div>\n\t\t<\/div>\n\t\t\t\t\t<\/div>\n\t\t<\/section>\n\t\t\t\t<section class=\"elementor-section elementor-top-section elementor-element elementor-element-d94f8ea elementor-section-boxed elementor-section-height-default elementor-section-height-default\" data-id=\"d94f8ea\" data-element_type=\"section\">\n\t\t\t\t\t\t<div class=\"elementor-container elementor-column-gap-default\">\n\t\t\t\t\t<div class=\"elementor-column elementor-col-100 elementor-top-column elementor-element elementor-element-aadf8ee\" data-id=\"aadf8ee\" data-element_type=\"column\">\n\t\t\t<div class=\"elementor-widget-wrap elementor-element-populated\">\n\t\t\t\t\t\t<div class=\"elementor-element elementor-element-eb89a87 elementor-widget elementor-widget-spacer\" data-id=\"eb89a87\" data-element_type=\"widget\" data-widget_type=\"spacer.default\">\n\t\t\t\t<div class=\"elementor-widget-container\">\n\t\t\t\t\t<div class=\"elementor-spacer\">\n\t\t\t<div class=\"elementor-spacer-inner\"><\/div>\n\t\t<\/div>\n\t\t\t\t<\/div>\n\t\t\t\t<\/div>\n\t\t\t\t\t<\/div>\n\t\t<\/div>\n\t\t\t\t\t<\/div>\n\t\t<\/section>\n\t\t\t\t<\/div>\n\t\t","protected":false},"excerpt":{"rendered":"<p>Nos partenaires et financeurs Le CFA des M\u00e9tiers de l&rsquo;Automobile peut remplir sa mission gr\u00e2ce \u00e0 ses partenaires, tous impliqu\u00e9s dans le d\u00e9veloppement et l&rsquo;apprentissage La R\u00e9gion Auvergne-Rh\u00f4ne-Alpes L&rsquo;Apprentissage fait partie de son ADN. Elle intervient \u00e0 plusieurs niveaux :\u00a0 Accompagnement financier du CFA (Investissement r\u00e9novation b\u00e2timents). Soutien aux apprenti(e)s en difficult\u00e9s (Fond social) Carte [&hellip;]<\/p>\n","protected":false},"author":1,"featured_media":0,"parent":0,"menu_order":0,"comment_status":"closed","ping_status":"closed","template":"","meta":{"footnotes":""},"class_list":["post-4185","page","type-page","status-publish","hentry"],"_links":{"self":[{"href":"https:\/\/testnouveausite.cfaautothonon.fr\/index.php\/wp-json\/wp\/v2\/pages\/4185","targetHints":{"allow":["GET"]}}],"collection":[{"href":"https:\/\/testnouveausite.cfaautothonon.fr\/index.php\/wp-json\/wp\/v2\/pages"}],"about":[{"href":"https:\/\/testnouveausite.cfaautothonon.fr\/index.php\/wp-json\/wp\/v2\/types\/page"}],"author":[{"embeddable":true,"href":"https:\/\/testnouveausite.cfaautothonon.fr\/index.php\/wp-json\/wp\/v2\/users\/1"}],"replies":[{"embeddable":true,"href":"https:\/\/testnouveausite.cfaautothonon.fr\/index.php\/wp-json\/wp\/v2\/comments?post=4185"}],"version-history":[{"count":19,"href":"https:\/\/testnouveausite.cfaautothonon.fr\/index.php\/wp-json\/wp\/v2\/pages\/4185\/revisions"}],"predecessor-version":[{"id":5139,"href":"https:\/\/testnouveausite.cfaautothonon.fr\/index.php\/wp-json\/wp\/v2\/pages\/4185\/revisions\/5139"}],"wp:attachment":[{"href":"https:\/\/testnouveausite.cfaautothonon.fr\/index.php\/wp-json\/wp\/v2\/media?parent=4185"}],"curies":[{"name":"wp","href":"https:\/\/api.w.org\/{rel}","templated":true}]}}