{"id":1639,"date":"2022-03-29T09:16:44","date_gmt":"2022-03-29T07:16:44","guid":{"rendered":"http:\/\/sigclog.cluster031.hosting.ovh.net\/?page_id=1639"},"modified":"2024-12-15T16:25:26","modified_gmt":"2024-12-15T15:25:26","slug":"elementor-1639","status":"publish","type":"page","link":"https:\/\/testnouveausite.cfaautothonon.fr\/index.php\/elementor-1639\/","title":{"rendered":"Les voyages du CFA"},"content":{"rendered":"\t\t<div data-elementor-type=\"wp-page\" data-elementor-id=\"1639\" class=\"elementor elementor-1639\" data-elementor-post-type=\"page\">\n\t\t\t\t\t\t<section class=\"elementor-section elementor-top-section elementor-element elementor-element-33afa0d elementor-section-boxed elementor-section-height-default elementor-section-height-default\" data-id=\"33afa0d\" data-element_type=\"section\">\n\t\t\t\t\t\t<div class=\"elementor-container elementor-column-gap-default\">\n\t\t\t\t\t<div class=\"elementor-column elementor-col-100 elementor-top-column elementor-element elementor-element-e25e2a6\" data-id=\"e25e2a6\" data-element_type=\"column\">\n\t\t\t<div class=\"elementor-widget-wrap elementor-element-populated\">\n\t\t\t\t\t\t<div class=\"elementor-element elementor-element-b02422a elementor-headline--style-highlight elementor-widget elementor-widget-animated-headline\" data-id=\"b02422a\" data-element_type=\"widget\" data-settings=\"{&quot;marker&quot;:&quot;underline_zigzag&quot;,&quot;highlighted_text&quot;:&quot;Les voyages du CFA&quot;,&quot;headline_style&quot;:&quot;highlight&quot;,&quot;loop&quot;:&quot;yes&quot;,&quot;highlight_animation_duration&quot;:1200,&quot;highlight_iteration_delay&quot;:8000}\" data-widget_type=\"animated-headline.default\">\n\t\t\t\t<div class=\"elementor-widget-container\">\n\t\t\t\t\t<h3 class=\"elementor-headline\">\n\t\t\t\t<span class=\"elementor-headline-dynamic-wrapper elementor-headline-text-wrapper\">\n\t\t\t\t\t<span class=\"elementor-headline-dynamic-text elementor-headline-text-active\">Les voyages du CFA<\/span>\n\t\t\t\t<\/span>\n\t\t\t\t<\/h3>\n\t\t\t\t<\/div>\n\t\t\t\t<\/div>\n\t\t\t\t<div class=\"elementor-element elementor-element-20835de elementor-align-center elementor-widget elementor-widget-lottie\" data-id=\"20835de\" data-element_type=\"widget\" data-settings=\"{&quot;source&quot;:&quot;external_url&quot;,&quot;source_external_url&quot;:{&quot;url&quot;:&quot;https:\\\/\\\/assets4.lottiefiles.com\\\/private_files\\\/lf30_jbnxqpw9.json&quot;,&quot;is_external&quot;:&quot;&quot;,&quot;nofollow&quot;:&quot;&quot;,&quot;custom_attributes&quot;:&quot;&quot;},&quot;loop&quot;:&quot;yes&quot;,&quot;link_to&quot;:&quot;none&quot;,&quot;trigger&quot;:&quot;arriving_to_viewport&quot;,&quot;viewport&quot;:{&quot;unit&quot;:&quot;%&quot;,&quot;size&quot;:&quot;&quot;,&quot;sizes&quot;:{&quot;start&quot;:0,&quot;end&quot;:100}},&quot;play_speed&quot;:{&quot;unit&quot;:&quot;px&quot;,&quot;size&quot;:1,&quot;sizes&quot;:[]},&quot;start_point&quot;:{&quot;unit&quot;:&quot;%&quot;,&quot;size&quot;:0,&quot;sizes&quot;:[]},&quot;end_point&quot;:{&quot;unit&quot;:&quot;%&quot;,&quot;size&quot;:100,&quot;sizes&quot;:[]},&quot;renderer&quot;:&quot;svg&quot;}\" data-widget_type=\"lottie.default\">\n\t\t\t\t<div class=\"elementor-widget-container\">\n\t\t\t<div class=\"e-lottie__container\"><div class=\"e-lottie__animation\"><\/div><\/div>\t\t<\/div>\n\t\t\t\t<\/div>\n\t\t\t\t\t<\/div>\n\t\t<\/div>\n\t\t\t\t\t<\/div>\n\t\t<\/section>\n\t\t\t\t<section class=\"elementor-section elementor-top-section elementor-element elementor-element-e7d126c elementor-section-boxed elementor-section-height-default elementor-section-height-default\" data-id=\"e7d126c\" data-element_type=\"section\">\n\t\t\t\t\t\t<div class=\"elementor-container elementor-column-gap-default\">\n\t\t\t\t\t<div class=\"elementor-column elementor-col-100 elementor-top-column elementor-element elementor-element-5b7ddaf\" data-id=\"5b7ddaf\" data-element_type=\"column\">\n\t\t\t<div class=\"elementor-widget-wrap elementor-element-populated\">\n\t\t\t\t\t\t<div class=\"elementor-element elementor-element-dd6ec24 elementor-widget elementor-widget-heading\" data-id=\"dd6ec24\" data-element_type=\"widget\" data-widget_type=\"heading.default\">\n\t\t\t\t<div class=\"elementor-widget-container\">\n\t\t\t<h3 class=\"elementor-heading-title elementor-size-default\">2025<br>Mulhouse<\/h3>\t\t<\/div>\n\t\t\t\t<\/div>\n\t\t\t\t<div class=\"elementor-element elementor-element-28cb144 elementor-widget elementor-widget-image\" data-id=\"28cb144\" data-element_type=\"widget\" data-widget_type=\"image.default\">\n\t\t\t\t<div class=\"elementor-widget-container\">\n\t\t\t\t\t\t\t\t\t\t\t\t\t<img fetchpriority=\"high\" decoding=\"async\" width=\"580\" height=\"290\" src=\"https:\/\/testnouveausite.cfaautothonon.fr\/wp-content\/uploads\/2024\/12\/MULHOUSE-VOYAGE-1024x512.png\" class=\"attachment-large size-large wp-image-4521\" alt=\"\" srcset=\"https:\/\/testnouveausite.cfaautothonon.fr\/wp-content\/uploads\/2024\/12\/MULHOUSE-VOYAGE-1024x512.png 1024w, https:\/\/testnouveausite.cfaautothonon.fr\/wp-content\/uploads\/2024\/12\/MULHOUSE-VOYAGE-300x150.png 300w, https:\/\/testnouveausite.cfaautothonon.fr\/wp-content\/uploads\/2024\/12\/MULHOUSE-VOYAGE-768x384.png 768w, https:\/\/testnouveausite.cfaautothonon.fr\/wp-content\/uploads\/2024\/12\/MULHOUSE-VOYAGE-1536x768.png 1536w, https:\/\/testnouveausite.cfaautothonon.fr\/wp-content\/uploads\/2024\/12\/MULHOUSE-VOYAGE-2048x1024.png 2048w, https:\/\/testnouveausite.cfaautothonon.fr\/wp-content\/uploads\/2024\/12\/MULHOUSE-VOYAGE-1200x600.png 1200w, https:\/\/testnouveausite.cfaautothonon.fr\/wp-content\/uploads\/2024\/12\/MULHOUSE-VOYAGE-1980x990.png 1980w\" sizes=\"(max-width: 580px) 100vw, 580px\" \/>\t\t\t\t\t\t\t\t\t\t\t\t\t<\/div>\n\t\t\t\t<\/div>\n\t\t\t\t<div class=\"elementor-element elementor-element-cc6e8b5 elementor-widget elementor-widget-text-editor\" data-id=\"cc6e8b5\" data-element_type=\"widget\" data-widget_type=\"text-editor.default\">\n\t\t\t\t<div class=\"elementor-widget-container\">\n\t\t\t\t\t\t\t<p>Au programme\u00a0cette ann\u00e9e : mus\u00e9e de l\u2019automobile, mus\u00e9e \u00e9lectropolis, Cit\u00e9 du train, base a\u00e9rienne de Luxeuil-les-Bains, Europapark.<\/p>\t\t\t\t\t\t<\/div>\n\t\t\t\t<\/div>\n\t\t\t\t\t<\/div>\n\t\t<\/div>\n\t\t\t\t\t<\/div>\n\t\t<\/section>\n\t\t\t\t<section class=\"elementor-section elementor-top-section elementor-element elementor-element-61a2777 elementor-section-boxed elementor-section-height-default elementor-section-height-default\" data-id=\"61a2777\" data-element_type=\"section\">\n\t\t\t\t\t\t<div class=\"elementor-container elementor-column-gap-default\">\n\t\t\t\t\t<div class=\"elementor-column elementor-col-33 elementor-top-column elementor-element elementor-element-efbfb81\" data-id=\"efbfb81\" data-element_type=\"column\">\n\t\t\t<div class=\"elementor-widget-wrap elementor-element-populated\">\n\t\t\t\t\t\t<div class=\"elementor-element elementor-element-b92d766 elementor-widget elementor-widget-heading\" data-id=\"b92d766\" data-element_type=\"widget\" data-widget_type=\"heading.default\">\n\t\t\t\t<div class=\"elementor-widget-container\">\n\t\t\t<h3 class=\"elementor-heading-title elementor-size-default\">2023<br>Allemagne<\/h3>\t\t<\/div>\n\t\t\t\t<\/div>\n\t\t\t\t<div class=\"elementor-element elementor-element-f4938f4 elementor-widget elementor-widget-image\" data-id=\"f4938f4\" data-element_type=\"widget\" data-widget_type=\"image.default\">\n\t\t\t\t<div class=\"elementor-widget-container\">\n\t\t\t\t\t\t\t\t\t\t\t\t\t\t<a href=\"https:\/\/testnouveausite.cfaautothonon.fr\/index.php\/2023\/01\/08\/2023-retour-en-allemagne\/\">\n\t\t\t\t\t\t\t<img decoding=\"async\" src=\"http:\/\/sigclog.cluster031.hosting.ovh.net\/wp-content\/uploads\/2023\/01\/Sans-titre-36.png\" title=\"\" alt=\"\" loading=\"lazy\" \/>\t\t\t\t\t\t\t\t<\/a>\n\t\t\t\t\t\t\t\t\t\t\t\t\t<\/div>\n\t\t\t\t<\/div>\n\t\t\t\t<div class=\"elementor-element elementor-element-6fe1c84 elementor-widget elementor-widget-text-editor\" data-id=\"6fe1c84\" data-element_type=\"widget\" data-widget_type=\"text-editor.default\">\n\t\t\t\t<div class=\"elementor-widget-container\">\n\t\t\t\t\t\t\t<p><a href=\"https:\/\/testnouveausite.cfaautothonon.fr\/index.php\/2023\/01\/08\/2023-retour-en-allemagne\/\" rel=\"noopener\">Cliquez ici pour d\u00e9couvrir le programme.<\/a><\/p>\t\t\t\t\t\t<\/div>\n\t\t\t\t<\/div>\n\t\t\t\t\t<\/div>\n\t\t<\/div>\n\t\t\t\t<div class=\"elementor-column elementor-col-33 elementor-top-column elementor-element elementor-element-e91f26e\" data-id=\"e91f26e\" data-element_type=\"column\">\n\t\t\t<div class=\"elementor-widget-wrap elementor-element-populated\">\n\t\t\t\t\t\t<div class=\"elementor-element elementor-element-51a6cba elementor-widget elementor-widget-heading\" data-id=\"51a6cba\" data-element_type=\"widget\" data-widget_type=\"heading.default\">\n\t\t\t\t<div class=\"elementor-widget-container\">\n\t\t\t<h3 class=\"elementor-heading-title elementor-size-default\">2022<br>Italie<\/h3>\t\t<\/div>\n\t\t\t\t<\/div>\n\t\t\t\t<div class=\"elementor-element elementor-element-dee4a2c elementor-widget elementor-widget-image\" data-id=\"dee4a2c\" data-element_type=\"widget\" data-widget_type=\"image.default\">\n\t\t\t\t<div class=\"elementor-widget-container\">\n\t\t\t\t\t\t\t\t\t\t\t\t\t\t<a href=\"https:\/\/testnouveausite.cfaautothonon.fr\/index.php\/2022\/03\/29\/decouverte-de-litalie-en-2022\/\">\n\t\t\t\t\t\t\t<img decoding=\"async\" src=\"http:\/\/sigclog.cluster031.hosting.ovh.net\/wp-content\/uploads\/2023\/01\/Sans-titre-35.png\" title=\"\" alt=\"\" loading=\"lazy\" \/>\t\t\t\t\t\t\t\t<\/a>\n\t\t\t\t\t\t\t\t\t\t\t\t\t<\/div>\n\t\t\t\t<\/div>\n\t\t\t\t<div class=\"elementor-element elementor-element-8f9ef20 elementor-widget elementor-widget-text-editor\" data-id=\"8f9ef20\" data-element_type=\"widget\" data-widget_type=\"text-editor.default\">\n\t\t\t\t<div class=\"elementor-widget-container\">\n\t\t\t\t\t\t\t<p><a href=\"https:\/\/testnouveausite.cfaautothonon.fr\/index.php\/2022\/03\/29\/decouverte-de-litalie-en-2022\/\" target=\"_blank\" rel=\"noopener\">Cliquez ici pour d\u00e9couvrir le programme et visionner les photos.<\/a><\/p>\t\t\t\t\t\t<\/div>\n\t\t\t\t<\/div>\n\t\t\t\t\t<\/div>\n\t\t<\/div>\n\t\t\t\t<div class=\"elementor-column elementor-col-33 elementor-top-column elementor-element elementor-element-be32fdd\" data-id=\"be32fdd\" data-element_type=\"column\">\n\t\t\t<div class=\"elementor-widget-wrap elementor-element-populated\">\n\t\t\t\t\t\t<div class=\"elementor-element elementor-element-16cb184 elementor-widget elementor-widget-heading\" data-id=\"16cb184\" data-element_type=\"widget\" data-widget_type=\"heading.default\">\n\t\t\t\t<div class=\"elementor-widget-container\">\n\t\t\t<h3 class=\"elementor-heading-title elementor-size-default\">2018<br>Italie<\/h3>\t\t<\/div>\n\t\t\t\t<\/div>\n\t\t\t\t<div class=\"elementor-element elementor-element-8cbf624 elementor-widget elementor-widget-image\" data-id=\"8cbf624\" data-element_type=\"widget\" data-widget_type=\"image.default\">\n\t\t\t\t<div class=\"elementor-widget-container\">\n\t\t\t\t\t\t\t\t\t\t\t\t\t\t<a href=\"https:\/\/testnouveausite.cfaautothonon.fr\/index.php\/2022\/04\/11\/2016-decouverte-de-litalie\/\">\n\t\t\t\t\t\t\t<img decoding=\"async\" src=\"http:\/\/sigclog.cluster031.hosting.ovh.net\/wp-content\/uploads\/2023\/01\/Sans-titre-35.png\" title=\"\" alt=\"\" loading=\"lazy\" \/>\t\t\t\t\t\t\t\t<\/a>\n\t\t\t\t\t\t\t\t\t\t\t\t\t<\/div>\n\t\t\t\t<\/div>\n\t\t\t\t<div class=\"elementor-element elementor-element-bb56404 elementor-widget elementor-widget-text-editor\" data-id=\"bb56404\" data-element_type=\"widget\" data-widget_type=\"text-editor.default\">\n\t\t\t\t<div class=\"elementor-widget-container\">\n\t\t\t\t\t\t\t<p><a href=\"https:\/\/testnouveausite.cfaautothonon.fr\/index.php\/2022\/04\/11\/2016-decouverte-de-litalie\/\">Cliquez ici pour d\u00e9couvrir le programme et visionner les photos.<\/a><\/p>\t\t\t\t\t\t<\/div>\n\t\t\t\t<\/div>\n\t\t\t\t\t<\/div>\n\t\t<\/div>\n\t\t\t\t\t<\/div>\n\t\t<\/section>\n\t\t\t\t<section class=\"elementor-section elementor-top-section elementor-element elementor-element-3a10fdc elementor-section-boxed elementor-section-height-default elementor-section-height-default\" data-id=\"3a10fdc\" data-element_type=\"section\">\n\t\t\t\t\t\t<div class=\"elementor-container elementor-column-gap-default\">\n\t\t\t\t\t<div class=\"elementor-column elementor-col-33 elementor-top-column elementor-element elementor-element-d175ad9\" data-id=\"d175ad9\" data-element_type=\"column\">\n\t\t\t<div class=\"elementor-widget-wrap elementor-element-populated\">\n\t\t\t\t\t\t<div class=\"elementor-element elementor-element-a7f2d2f elementor-widget elementor-widget-heading\" data-id=\"a7f2d2f\" data-element_type=\"widget\" data-widget_type=\"heading.default\">\n\t\t\t\t<div class=\"elementor-widget-container\">\n\t\t\t<h3 class=\"elementor-heading-title elementor-size-default\">2016<br>Alsace<\/h3>\t\t<\/div>\n\t\t\t\t<\/div>\n\t\t\t\t<div class=\"elementor-element elementor-element-ae595f9 elementor-widget elementor-widget-image\" data-id=\"ae595f9\" data-element_type=\"widget\" data-widget_type=\"image.default\">\n\t\t\t\t<div class=\"elementor-widget-container\">\n\t\t\t\t\t\t\t\t\t\t\t\t\t\t<a href=\"https:\/\/testnouveausite.cfaautothonon.fr\/index.php\/2022\/04\/11\/2016-decouverte-de-lalsace\/\">\n\t\t\t\t\t\t\t<img decoding=\"async\" src=\"http:\/\/sigclog.cluster031.hosting.ovh.net\/wp-content\/uploads\/2023\/01\/Sans-titre-37.png\" title=\"\" alt=\"\" loading=\"lazy\" \/>\t\t\t\t\t\t\t\t<\/a>\n\t\t\t\t\t\t\t\t\t\t\t\t\t<\/div>\n\t\t\t\t<\/div>\n\t\t\t\t<div class=\"elementor-element elementor-element-9ccaf22 elementor-widget elementor-widget-text-editor\" data-id=\"9ccaf22\" data-element_type=\"widget\" data-widget_type=\"text-editor.default\">\n\t\t\t\t<div class=\"elementor-widget-container\">\n\t\t\t\t\t\t\t<p><a href=\"https:\/\/testnouveausite.cfaautothonon.fr\/index.php\/2022\/04\/11\/2016-decouverte-de-lalsace\/\" rel=\"noopener\">Cliquez ici pour d\u00e9couvrir le programme et visionner les photos.<\/a><\/p>\t\t\t\t\t\t<\/div>\n\t\t\t\t<\/div>\n\t\t\t\t\t<\/div>\n\t\t<\/div>\n\t\t\t\t<div class=\"elementor-column elementor-col-33 elementor-top-column elementor-element elementor-element-2ee2730\" data-id=\"2ee2730\" data-element_type=\"column\">\n\t\t\t<div class=\"elementor-widget-wrap elementor-element-populated\">\n\t\t\t\t\t\t<div class=\"elementor-element elementor-element-e87f98f elementor-widget elementor-widget-heading\" data-id=\"e87f98f\" data-element_type=\"widget\" data-widget_type=\"heading.default\">\n\t\t\t\t<div class=\"elementor-widget-container\">\n\t\t\t<h3 class=\"elementor-heading-title elementor-size-default\">2014<br>Allemagne<\/h3>\t\t<\/div>\n\t\t\t\t<\/div>\n\t\t\t\t<div class=\"elementor-element elementor-element-8a1d77c elementor-widget elementor-widget-image\" data-id=\"8a1d77c\" data-element_type=\"widget\" data-widget_type=\"image.default\">\n\t\t\t\t<div class=\"elementor-widget-container\">\n\t\t\t\t\t\t\t\t\t\t\t\t\t\t<a href=\"https:\/\/testnouveausite.cfaautothonon.fr\/index.php\/2022\/04\/11\/2014-retour-en-allemagne\/\">\n\t\t\t\t\t\t\t<img decoding=\"async\" src=\"http:\/\/sigclog.cluster031.hosting.ovh.net\/wp-content\/uploads\/2023\/01\/Sans-titre-36.png\" title=\"\" alt=\"\" loading=\"lazy\" \/>\t\t\t\t\t\t\t\t<\/a>\n\t\t\t\t\t\t\t\t\t\t\t\t\t<\/div>\n\t\t\t\t<\/div>\n\t\t\t\t<div class=\"elementor-element elementor-element-c6f9d2d elementor-widget elementor-widget-text-editor\" data-id=\"c6f9d2d\" data-element_type=\"widget\" data-widget_type=\"text-editor.default\">\n\t\t\t\t<div class=\"elementor-widget-container\">\n\t\t\t\t\t\t\t<p><a href=\"https:\/\/testnouveausite.cfaautothonon.fr\/index.php\/2022\/04\/11\/2014-retour-en-allemagne\/\" rel=\"noopener\">Cliquez ici pour d\u00e9couvrir le programme et visionner les photos.<\/a><\/p>\t\t\t\t\t\t<\/div>\n\t\t\t\t<\/div>\n\t\t\t\t\t<\/div>\n\t\t<\/div>\n\t\t\t\t<div class=\"elementor-column elementor-col-33 elementor-top-column elementor-element elementor-element-987dfb0\" data-id=\"987dfb0\" data-element_type=\"column\">\n\t\t\t<div class=\"elementor-widget-wrap elementor-element-populated\">\n\t\t\t\t\t\t<div class=\"elementor-element elementor-element-24a4502 elementor-widget elementor-widget-heading\" data-id=\"24a4502\" data-element_type=\"widget\" data-widget_type=\"heading.default\">\n\t\t\t\t<div class=\"elementor-widget-container\">\n\t\t\t<h3 class=\"elementor-heading-title elementor-size-default\">2012<br>Allemagne<\/h3>\t\t<\/div>\n\t\t\t\t<\/div>\n\t\t\t\t<div class=\"elementor-element elementor-element-b3a0d02 elementor-widget elementor-widget-image\" data-id=\"b3a0d02\" data-element_type=\"widget\" data-widget_type=\"image.default\">\n\t\t\t\t<div class=\"elementor-widget-container\">\n\t\t\t\t\t\t\t\t\t\t\t\t\t\t<a href=\"https:\/\/testnouveausite.cfaautothonon.fr\/index.php\/2022\/04\/11\/2012-decouverte-de-lallemagne\/\">\n\t\t\t\t\t\t\t<img decoding=\"async\" src=\"http:\/\/sigclog.cluster031.hosting.ovh.net\/wp-content\/uploads\/2023\/01\/Sans-titre-36.png\" title=\"\" alt=\"\" loading=\"lazy\" \/>\t\t\t\t\t\t\t\t<\/a>\n\t\t\t\t\t\t\t\t\t\t\t\t\t<\/div>\n\t\t\t\t<\/div>\n\t\t\t\t<div class=\"elementor-element elementor-element-932a561 elementor-widget elementor-widget-text-editor\" data-id=\"932a561\" data-element_type=\"widget\" data-widget_type=\"text-editor.default\">\n\t\t\t\t<div class=\"elementor-widget-container\">\n\t\t\t\t\t\t\t<p><a href=\"https:\/\/testnouveausite.cfaautothonon.fr\/index.php\/2022\/04\/11\/2012-decouverte-de-lallemagne\/\" rel=\"noopener\">Cliquez ici pour d\u00e9couvrir le programme et visionner les photos.<\/a><\/p>\t\t\t\t\t\t<\/div>\n\t\t\t\t<\/div>\n\t\t\t\t\t<\/div>\n\t\t<\/div>\n\t\t\t\t\t<\/div>\n\t\t<\/section>\n\t\t\t\t<\/div>\n\t\t","protected":false},"excerpt":{"rendered":"<p>Les voyages du CFA 2025Mulhouse Au programme\u00a0cette ann\u00e9e : mus\u00e9e de l\u2019automobile, mus\u00e9e \u00e9lectropolis, Cit\u00e9 du train, base a\u00e9rienne de Luxeuil-les-Bains, Europapark. 2023Allemagne Cliquez ici pour d\u00e9couvrir le programme. 2022Italie Cliquez ici pour d\u00e9couvrir le programme et visionner les photos. 2018Italie Cliquez ici pour d\u00e9couvrir le programme et visionner les photos. 2016Alsace Cliquez ici pour [&hellip;]<\/p>\n","protected":false},"author":1,"featured_media":0,"parent":0,"menu_order":0,"comment_status":"closed","ping_status":"closed","template":"","meta":{"footnotes":""},"class_list":["post-1639","page","type-page","status-publish","hentry"],"_links":{"self":[{"href":"https:\/\/testnouveausite.cfaautothonon.fr\/index.php\/wp-json\/wp\/v2\/pages\/1639","targetHints":{"allow":["GET"]}}],"collection":[{"href":"https:\/\/testnouveausite.cfaautothonon.fr\/index.php\/wp-json\/wp\/v2\/pages"}],"about":[{"href":"https:\/\/testnouveausite.cfaautothonon.fr\/index.php\/wp-json\/wp\/v2\/types\/page"}],"author":[{"embeddable":true,"href":"https:\/\/testnouveausite.cfaautothonon.fr\/index.php\/wp-json\/wp\/v2\/users\/1"}],"replies":[{"embeddable":true,"href":"https:\/\/testnouveausite.cfaautothonon.fr\/index.php\/wp-json\/wp\/v2\/comments?post=1639"}],"version-history":[{"count":15,"href":"https:\/\/testnouveausite.cfaautothonon.fr\/index.php\/wp-json\/wp\/v2\/pages\/1639\/revisions"}],"predecessor-version":[{"id":4588,"href":"https:\/\/testnouveausite.cfaautothonon.fr\/index.php\/wp-json\/wp\/v2\/pages\/1639\/revisions\/4588"}],"wp:attachment":[{"href":"https:\/\/testnouveausite.cfaautothonon.fr\/index.php\/wp-json\/wp\/v2\/media?parent=1639"}],"curies":[{"name":"wp","href":"https:\/\/api.w.org\/{rel}","templated":true}]}}